{"id":61,"date":"2023-05-25T13:14:16","date_gmt":"2023-05-25T13:14:16","guid":{"rendered":"https:\/\/friseur-salim.de\/?page_id=61"},"modified":"2023-08-17T14:09:45","modified_gmt":"2023-08-17T14:09:45","slug":"impressum","status":"publish","type":"page","link":"https:\/\/friseur-salim.de\/en\/impressum\/","title":{"rendered":"Impressum"},"content":{"rendered":"<div data-elementor-type=\"wp-page\" data-elementor-id=\"61\" class=\"elementor elementor-61\" data-elementor-post-type=\"page\">\n\t\t\t\t<div class=\"elementor-element elementor-element-a6e8bbf e-flex e-con-boxed e-con e-parent\" data-id=\"a6e8bbf\" data-element_type=\"container\">\n\t\t\t\t\t<div class=\"e-con-inner\">\n\t\t\t\t<div class=\"elementor-element elementor-element-20a9a61 legalinfo elementor-widget elementor-widget-shortcode\" data-id=\"20a9a61\" data-element_type=\"widget\" data-widget_type=\"shortcode.default\">\n\t\t\t\t<div class=\"elementor-widget-container\">\n\t\t\t\t\t<div class=\"elementor-shortcode\"><div style=\"word-wrap: break-word;\">\n\n<p>Salim Abo Harash<br \/>\nFriseur Salim<br \/>\nRotkreuzplatz 1<br \/>\n92224 Amberg<\/p>\n\n<h2>Contact<\/h2>\n<p>Telefon: +49 (0)9621 \/ 915 1078<br \/>\nE-Mail: info@friseur-salim.de<\/p>\n\n<h2>Angaben zur Berufs&shy;haftpflicht&shy;versicherung<\/h2>\n<p><strong>Name und Sitz des Versicherers:<\/strong><br \/>\nZurich Versicherung<br \/>\r\nDeutzer Allee 1<br \/>\r\n50679 K&ouml;ln<\/p>\n<p><strong>Geltungsraum der Versicherung:<\/strong><br \/>Deutschland<\/p>\n\n<h2>EU-Streitschlichtung<\/h2>\n<p>Die Europ&auml;ische Kommission stellt eine Plattform zur Online-Streitbeilegung (OS) bereit: <a href=\"https:\/\/ec.europa.eu\/consumers\/odr\/\" target=\"_blank\" rel=\"noopener noreferrer\">https:\/\/ec.europa.eu\/consumers\/odr\/<\/a>.<br \/> Unsere E-Mail-Adresse finden Sie oben im Impressum.<\/p>\n\n<h2>Verbraucher&shy;streit&shy;beilegung\/Universal&shy;schlichtungs&shy;stelle<\/h2>\n<p>Wir sind nicht bereit oder verpflichtet, an Streitbeilegungsverfahren vor einer Verbraucherschlichtungsstelle teilzunehmen.<\/p><\/div><\/div>\n\t\t\t\t<\/div>\n\t\t\t\t<\/div>\n\t\t\t\t\t<\/div>\n\t\t\t\t<\/div>\n\t\t\t\t<\/div>","protected":false},"excerpt":{"rendered":"","protected":false},"author":1,"featured_media":1334,"parent":0,"menu_order":6,"comment_status":"closed","ping_status":"closed","template":"","meta":{"_acf_changed":false,"site-sidebar-layout":"no-sidebar","site-content-layout":"page-builder","ast-site-content-layout":"full-width-container","site-content-style":"unboxed","site-sidebar-style":"unboxed","ast-global-header-display":"","ast-banner-title-visibility":"","ast-main-header-display":"","ast-hfb-above-header-display":"","ast-hfb-below-header-display":"","ast-hfb-mobile-header-display":"","site-post-title":"disabled","ast-breadcrumbs-content":"","ast-featured-img":"","footer-sml-layout":"","theme-transparent-header-meta":"","adv-header-id-meta":"","stick-header-meta":"","header-above-stick-meta":"","header-main-stick-meta":"","header-below-stick-meta":"","astra-migrate-meta-layouts":"set","ast-page-background-enabled":"default","ast-page-background-meta":{"desktop":{"background-color":"var(--ast-global-color-4)","background-image":"","background-repeat":"repeat","background-position":"center center","background-size":"auto","background-attachment":"scroll","background-type":"","background-media":"","overlay-type":"","overlay-color":"","overlay-opacity":"","overlay-gradient":""},"tablet":{"background-color":"","background-image":"","background-repeat":"repeat","background-position":"center center","background-size":"auto","background-attachment":"scroll","background-type":"","background-media":"","overlay-type":"","overlay-color":"","overlay-opacity":"","overlay-gradient":""},"mobile":{"background-color":"","background-image":"","background-repeat":"repeat","background-position":"center center","background-size":"auto","background-attachment":"scroll","background-type":"","background-media":"","overlay-type":"","overlay-color":"","overlay-opacity":"","overlay-gradient":""}},"ast-content-background-meta":{"desktop":{"background-color":"var(--ast-global-color-5)","background-image":"","background-repeat":"repeat","background-position":"center center","background-size":"auto","background-attachment":"scroll","background-type":"","background-media":"","overlay-type":"","overlay-color":"","overlay-opacity":"","overlay-gradient":""},"tablet":{"background-color":"var(--ast-global-color-5)","background-image":"","background-repeat":"repeat","background-position":"center center","background-size":"auto","background-attachment":"scroll","background-type":"","background-media":"","overlay-type":"","overlay-color":"","overlay-opacity":"","overlay-gradient":""},"mobile":{"background-color":"var(--ast-global-color-5)","background-image":"","background-repeat":"repeat","background-position":"center center","background-size":"auto","background-attachment":"scroll","background-type":"","background-media":"","overlay-type":"","overlay-color":"","overlay-opacity":"","overlay-gradient":""}},"footnotes":""},"class_list":["post-61","page","type-page","status-publish","has-post-thumbnail","hentry"],"acf":[],"yoast_head":"<!-- This site is optimized with the Yoast SEO plugin v23.1 - https:\/\/yoast.com\/wordpress\/plugins\/seo\/ -->\n<title>Impressum - Friseur Salim<\/title>\n<meta name=\"description\" content=\"Lies unser Impressum f\u00fcr rechtliche Informationen \u00fcber unser Gesch\u00e4ft und die Rechte, die wir uns leisten.\" \/>\n<meta name=\"robots\" content=\"index, follow, max-snippet:-1, max-image-preview:large, max-video-preview:-1\" \/>\n<link rel=\"canonical\" href=\"https:\/\/friseur-salim.de\/en\/impressum\/\" \/>\n<meta property=\"og:locale\" content=\"en_GB\" \/>\n<meta property=\"og:type\" content=\"article\" \/>\n<meta property=\"og:title\" content=\"Impressum - Friseur Salim\" \/>\n<meta property=\"og:description\" content=\"Lies unser Impressum f\u00fcr rechtliche Informationen \u00fcber unser Gesch\u00e4ft und die Rechte, die wir uns leisten.\" \/>\n<meta property=\"og:url\" content=\"https:\/\/friseur-salim.de\/en\/impressum\/\" \/>\n<meta property=\"og:site_name\" content=\"Friseur Salim\" \/>\n<meta property=\"article:modified_time\" content=\"2023-08-17T14:09:45+00:00\" \/>\n<meta property=\"og:image\" content=\"https:\/\/friseur-salim.de\/wp-content\/uploads\/2023\/08\/friseur-salim-amberg-legal-banner-meta-seo.webp\" \/>\n\t<meta property=\"og:image:width\" content=\"240\" \/>\n\t<meta property=\"og:image:height\" content=\"240\" \/>\n\t<meta property=\"og:image:type\" content=\"image\/webp\" \/>\n<meta name=\"twitter:card\" content=\"summary_large_image\" \/>\n<meta name=\"twitter:label1\" content=\"Estimated reading time\" \/>\n\t<meta name=\"twitter:data1\" content=\"1 minute\" \/>\n<script type=\"application\/ld+json\" class=\"yoast-schema-graph\">{\"@context\":\"https:\/\/schema.org\",\"@graph\":[{\"@type\":\"WebPage\",\"@id\":\"https:\/\/friseur-salim.de\/impressum\/\",\"url\":\"https:\/\/friseur-salim.de\/impressum\/\",\"name\":\"Impressum - Friseur Salim\",\"isPartOf\":{\"@id\":\"https:\/\/friseur-salim.de\/#website\"},\"primaryImageOfPage\":{\"@id\":\"https:\/\/friseur-salim.de\/impressum\/#primaryimage\"},\"image\":{\"@id\":\"https:\/\/friseur-salim.de\/impressum\/#primaryimage\"},\"thumbnailUrl\":\"https:\/\/friseur-salim.de\/wp-content\/uploads\/2023\/08\/friseur-salim-amberg-legal-banner-meta-seo.webp\",\"datePublished\":\"2023-05-25T13:14:16+00:00\",\"dateModified\":\"2023-08-17T14:09:45+00:00\",\"description\":\"Lies unser Impressum f\u00fcr rechtliche Informationen \u00fcber unser Gesch\u00e4ft und die Rechte, die wir uns leisten.\",\"breadcrumb\":{\"@id\":\"https:\/\/friseur-salim.de\/impressum\/#breadcrumb\"},\"inLanguage\":\"en-GB\",\"potentialAction\":[{\"@type\":\"ReadAction\",\"target\":[\"https:\/\/friseur-salim.de\/impressum\/\"]}]},{\"@type\":\"ImageObject\",\"inLanguage\":\"en-GB\",\"@id\":\"https:\/\/friseur-salim.de\/impressum\/#primaryimage\",\"url\":\"https:\/\/friseur-salim.de\/wp-content\/uploads\/2023\/08\/friseur-salim-amberg-legal-banner-meta-seo.webp\",\"contentUrl\":\"https:\/\/friseur-salim.de\/wp-content\/uploads\/2023\/08\/friseur-salim-amberg-legal-banner-meta-seo.webp\",\"width\":240,\"height\":240,\"caption\":\"Friseur Salim - Amberg - Foto einer jungen Frau mit braunen, wallenden Haaren, die in einer modernen Frisur frisiert sind. Sie l\u00e4chelt strahlend, ihre angewinkelte Hand st\u00fctzt ihr Kinn, w\u00e4hrend sie vor einem dunkelbraunen, grauen Hintergrund steht\"},{\"@type\":\"BreadcrumbList\",\"@id\":\"https:\/\/friseur-salim.de\/impressum\/#breadcrumb\",\"itemListElement\":[{\"@type\":\"ListItem\",\"position\":1,\"name\":\"Home\",\"item\":\"https:\/\/friseur-salim.de\/\"},{\"@type\":\"ListItem\",\"position\":2,\"name\":\"Impressum\"}]},{\"@type\":\"WebSite\",\"@id\":\"https:\/\/friseur-salim.de\/#website\",\"url\":\"https:\/\/friseur-salim.de\/\",\"name\":\"Friseur Salim\",\"description\":\"\",\"publisher\":{\"@id\":\"https:\/\/friseur-salim.de\/#organization\"},\"potentialAction\":[{\"@type\":\"SearchAction\",\"target\":{\"@type\":\"EntryPoint\",\"urlTemplate\":\"https:\/\/friseur-salim.de\/?s={search_term_string}\"},\"query-input\":\"required name=search_term_string\"}],\"inLanguage\":\"en-GB\"},{\"@type\":\"Organization\",\"@id\":\"https:\/\/friseur-salim.de\/#organization\",\"name\":\"Friseur Salim\",\"url\":\"https:\/\/friseur-salim.de\/\",\"logo\":{\"@type\":\"ImageObject\",\"inLanguage\":\"en-GB\",\"@id\":\"https:\/\/friseur-salim.de\/#\/schema\/logo\/image\/\",\"url\":\"https:\/\/friseur-salim.de\/wp-content\/uploads\/2023\/07\/friseur-salim-logo-white-v3.webp\",\"contentUrl\":\"https:\/\/friseur-salim.de\/wp-content\/uploads\/2023\/07\/friseur-salim-logo-white-v3.webp\",\"width\":246,\"height\":480,\"caption\":\"Friseur Salim\"},\"image\":{\"@id\":\"https:\/\/friseur-salim.de\/#\/schema\/logo\/image\/\"}}]}<\/script>\n<!-- \/ Yoast SEO plugin. -->","yoast_head_json":{"title":"Impressum - Friseur Salim","description":"Lies unser Impressum f\u00fcr rechtliche Informationen \u00fcber unser Gesch\u00e4ft und die Rechte, die wir uns leisten.","robots":{"index":"index","follow":"follow","max-snippet":"max-snippet:-1","max-image-preview":"max-image-preview:large","max-video-preview":"max-video-preview:-1"},"canonical":"https:\/\/friseur-salim.de\/en\/impressum\/","og_locale":"en_GB","og_type":"article","og_title":"Impressum - Friseur Salim","og_description":"Lies unser Impressum f\u00fcr rechtliche Informationen \u00fcber unser Gesch\u00e4ft und die Rechte, die wir uns leisten.","og_url":"https:\/\/friseur-salim.de\/en\/impressum\/","og_site_name":"Friseur Salim","article_modified_time":"2023-08-17T14:09:45+00:00","og_image":[{"width":240,"height":240,"url":"https:\/\/friseur-salim.de\/wp-content\/uploads\/2023\/08\/friseur-salim-amberg-legal-banner-meta-seo.webp","type":"image\/webp"}],"twitter_card":"summary_large_image","twitter_misc":{"Estimated reading time":"1 minute"},"schema":{"@context":"https:\/\/schema.org","@graph":[{"@type":"WebPage","@id":"https:\/\/friseur-salim.de\/impressum\/","url":"https:\/\/friseur-salim.de\/impressum\/","name":"Impressum - Friseur Salim","isPartOf":{"@id":"https:\/\/friseur-salim.de\/#website"},"primaryImageOfPage":{"@id":"https:\/\/friseur-salim.de\/impressum\/#primaryimage"},"image":{"@id":"https:\/\/friseur-salim.de\/impressum\/#primaryimage"},"thumbnailUrl":"https:\/\/friseur-salim.de\/wp-content\/uploads\/2023\/08\/friseur-salim-amberg-legal-banner-meta-seo.webp","datePublished":"2023-05-25T13:14:16+00:00","dateModified":"2023-08-17T14:09:45+00:00","description":"Lies unser Impressum f\u00fcr rechtliche Informationen \u00fcber unser Gesch\u00e4ft und die Rechte, die wir uns leisten.","breadcrumb":{"@id":"https:\/\/friseur-salim.de\/impressum\/#breadcrumb"},"inLanguage":"en-GB","potentialAction":[{"@type":"ReadAction","target":["https:\/\/friseur-salim.de\/impressum\/"]}]},{"@type":"ImageObject","inLanguage":"en-GB","@id":"https:\/\/friseur-salim.de\/impressum\/#primaryimage","url":"https:\/\/friseur-salim.de\/wp-content\/uploads\/2023\/08\/friseur-salim-amberg-legal-banner-meta-seo.webp","contentUrl":"https:\/\/friseur-salim.de\/wp-content\/uploads\/2023\/08\/friseur-salim-amberg-legal-banner-meta-seo.webp","width":240,"height":240,"caption":"Friseur Salim - Amberg - Foto einer jungen Frau mit braunen, wallenden Haaren, die in einer modernen Frisur frisiert sind. Sie l\u00e4chelt strahlend, ihre angewinkelte Hand st\u00fctzt ihr Kinn, w\u00e4hrend sie vor einem dunkelbraunen, grauen Hintergrund steht"},{"@type":"BreadcrumbList","@id":"https:\/\/friseur-salim.de\/impressum\/#breadcrumb","itemListElement":[{"@type":"ListItem","position":1,"name":"Home","item":"https:\/\/friseur-salim.de\/"},{"@type":"ListItem","position":2,"name":"Impressum"}]},{"@type":"WebSite","@id":"https:\/\/friseur-salim.de\/#website","url":"https:\/\/friseur-salim.de\/","name":"Friseur Salim","description":"","publisher":{"@id":"https:\/\/friseur-salim.de\/#organization"},"potentialAction":[{"@type":"SearchAction","target":{"@type":"EntryPoint","urlTemplate":"https:\/\/friseur-salim.de\/?s={search_term_string}"},"query-input":"required name=search_term_string"}],"inLanguage":"en-GB"},{"@type":"Organization","@id":"https:\/\/friseur-salim.de\/#organization","name":"Friseur Salim","url":"https:\/\/friseur-salim.de\/","logo":{"@type":"ImageObject","inLanguage":"en-GB","@id":"https:\/\/friseur-salim.de\/#\/schema\/logo\/image\/","url":"https:\/\/friseur-salim.de\/wp-content\/uploads\/2023\/07\/friseur-salim-logo-white-v3.webp","contentUrl":"https:\/\/friseur-salim.de\/wp-content\/uploads\/2023\/07\/friseur-salim-logo-white-v3.webp","width":246,"height":480,"caption":"Friseur Salim"},"image":{"@id":"https:\/\/friseur-salim.de\/#\/schema\/logo\/image\/"}}]}},"_links":{"self":[{"href":"https:\/\/friseur-salim.de\/en\/wp-json\/wp\/v2\/pages\/61"}],"collection":[{"href":"https:\/\/friseur-salim.de\/en\/wp-json\/wp\/v2\/pages"}],"about":[{"href":"https:\/\/friseur-salim.de\/en\/wp-json\/wp\/v2\/types\/page"}],"author":[{"embeddable":true,"href":"https:\/\/friseur-salim.de\/en\/wp-json\/wp\/v2\/users\/1"}],"replies":[{"embeddable":true,"href":"https:\/\/friseur-salim.de\/en\/wp-json\/wp\/v2\/comments?post=61"}],"version-history":[{"count":14,"href":"https:\/\/friseur-salim.de\/en\/wp-json\/wp\/v2\/pages\/61\/revisions"}],"predecessor-version":[{"id":1703,"href":"https:\/\/friseur-salim.de\/en\/wp-json\/wp\/v2\/pages\/61\/revisions\/1703"}],"wp:featuredmedia":[{"embeddable":true,"href":"https:\/\/friseur-salim.de\/en\/wp-json\/wp\/v2\/media\/1334"}],"wp:attachment":[{"href":"https:\/\/friseur-salim.de\/en\/wp-json\/wp\/v2\/media?parent=61"}],"curies":[{"name":"wp","href":"https:\/\/api.w.org\/{rel}","templated":true}]}}